{"id":9891,"date":"2026-04-22T20:01:08","date_gmt":"2026-04-22T17:01:08","guid":{"rendered":"https:\/\/bonus.mobilbahis1262.com\/tr\/?page_id=9891"},"modified":"2026-04-17T15:57:12","modified_gmt":"2026-04-17T12:57:12","slug":"odulleri-her-gun-yakala","status":"publish","type":"page","link":"https:\/\/bonus.mobilbahis1262.com\/tr\/odulleri-her-gun-yakala\/","title":{"rendered":"\u00d6D\u00dcLLER\u0130 HER G\u00dcN YAKALA"},"content":{"rendered":"<p><span style=\"font-weight: 400;\">Se\u00e7ili Pragmatic Play oyunlar\u0131ndaki 1.250.000.000 TL Nakit \u00d6d\u00fcll\u00fc kazan\u00e7 \u015f\u00f6leninde yerini al! Haftal\u0131k Kazan\u00e7 \u00c7ark\u0131\u2019n\u0131n yan\u0131 s\u0131ra G\u00fcnl\u00fck Turnuvalarda kazan\u00e7lar\u0131 a\u00e7\u0131\u011fa \u00e7\u0131kar! <\/span><\/p>\n","protected":false},"excerpt":{"rendered":"<p>Se\u00e7ili Pragmatic Play oyunlar\u0131ndaki 1.250.000.000 TL Nakit \u00d6d\u00fcll\u00fc kazan\u00e7 \u015f\u00f6leninde yerini al! Haftal\u0131k Kazan\u00e7 \u00c7ark\u0131\u2019n\u0131n yan\u0131 s\u0131ra G\u00fcnl\u00fck Turnuvalarda kazan\u00e7lar\u0131 a\u00e7\u0131\u011fa \u00e7\u0131kar!<\/p>\n","protected":false},"author":95,"featured_media":9889,"parent":0,"menu_order":0,"comment_status":"closed","ping_status":"closed","template":"","meta":{"_links_to":"","_links_to_target":""},"categories":[4],"tags":[582],"_links":{"self":[{"href":"https:\/\/bonus.mobilbahis1262.com\/tr\/wp-json\/wp\/v2\/pages\/9891"}],"collection":[{"href":"https:\/\/bonus.mobilbahis1262.com\/tr\/wp-json\/wp\/v2\/pages"}],"about":[{"href":"https:\/\/bonus.mobilbahis1262.com\/tr\/wp-json\/wp\/v2\/types\/page"}],"author":[{"embeddable":true,"href":"https:\/\/bonus.mobilbahis1262.com\/tr\/wp-json\/wp\/v2\/users\/95"}],"replies":[{"embeddable":true,"href":"https:\/\/bonus.mobilbahis1262.com\/tr\/wp-json\/wp\/v2\/comments?post=9891"}],"version-history":[{"count":0,"href":"https:\/\/bonus.mobilbahis1262.com\/tr\/wp-json\/wp\/v2\/pages\/9891\/revisions"}],"wp:featuredmedia":[{"embeddable":true,"href":"https:\/\/bonus.mobilbahis1262.com\/tr\/wp-json\/wp\/v2\/media\/9889"}],"wp:attachment":[{"href":"https:\/\/bonus.mobilbahis1262.com\/tr\/wp-json\/wp\/v2\/media?parent=9891"}],"wp:term":[{"taxonomy":"category","embeddable":true,"href":"https:\/\/bonus.mobilbahis1262.com\/tr\/wp-json\/wp\/v2\/categories?post=9891"},{"taxonomy":"post_tag","embeddable":true,"href":"https:\/\/bonus.mobilbahis1262.com\/tr\/wp-json\/wp\/v2\/tags?post=9891"}],"curies":[{"name":"wp","href":"https:\/\/api.w.org\/{rel}","templated":true}]}}